{"id":913,"date":"2025-07-18T14:17:26","date_gmt":"2025-07-18T14:17:26","guid":{"rendered":"https:\/\/www.deepwraite.de\/imprint\/"},"modified":"2026-03-17T11:01:21","modified_gmt":"2026-03-17T11:01:21","slug":"imprint","status":"publish","type":"page","link":"https:\/\/www.deepwraite.de\/en\/imprint\/","title":{"rendered":"Imprint"},"content":{"rendered":"\t\t<div data-elementor-type=\"wp-page\" data-elementor-id=\"913\" class=\"elementor elementor-913 elementor-70\" data-elementor-post-type=\"page\">\n\t\t\t\t<div class=\"elementor-element elementor-element-8f5335c e-flex e-con-boxed e-con e-parent\" data-id=\"8f5335c\" data-element_type=\"container\" data-e-type=\"container\">\n\t\t\t\t\t<div class=\"e-con-inner\">\n\t\t\t\t<div class=\"elementor-element elementor-element-71f4e99 elementor-widget__width-initial elementor-widget elementor-widget-text-editor\" data-id=\"71f4e99\" data-element_type=\"widget\" data-e-type=\"widget\" data-widget_type=\"text-editor.default\">\n\t\t\t\t\t\t\t\t\t<h5><span style=\"font-family: -apple-system, BlinkMacSystemFont, 'Segoe UI', Roboto, 'Helvetica Neue', Arial, 'Noto Sans', sans-serif, 'Apple Color Emoji', 'Segoe UI Emoji', 'Segoe UI Symbol', 'Noto Color Emoji'; font-size: 1rem;\">Legal Notice According to \u00a7 5 TMG<\/span><\/h5><p>Deepwraite is an offering of <span style=\"font-family: -apple-system, BlinkMacSystemFont, 'Segoe UI', Roboto, 'Helvetica Neue', Arial, 'Noto Sans', sans-serif, 'Apple Color Emoji', 'Segoe UI Emoji', 'Segoe UI Symbol', 'Noto Color Emoji'; font-size: 1rem;\">L&amp;L Kommunikationskonzepte GmbH, <\/span> <\/p><p>Entensteig 6, 14552 Michendorf <span style=\"font-family: -apple-system, BlinkMacSystemFont, 'Segoe UI', Roboto, 'Helvetica Neue', Arial, 'Noto Sans', sans-serif, 'Apple Color Emoji', 'Segoe UI Emoji', 'Segoe UI Symbol', 'Noto Color Emoji'; font-size: 1rem;\">Email: info(at)deepwraite(dot).de <\/span> <\/p><p>Represented by:<br>Iris L\u00f6hde, Kai L\u00f6hde<\/p><p><span style=\"font-family: -apple-system, BlinkMacSystemFont, 'Segoe UI', Roboto, 'Helvetica Neue', Arial, 'Noto Sans', sans-serif, 'Apple Color Emoji', 'Segoe UI Emoji', 'Segoe UI Symbol', 'Noto Color Emoji'; font-size: 1rem;\">VAT ID: DE<\/span><span style=\"font-family: -apple-system, BlinkMacSystemFont, 'Segoe UI', Roboto, 'Helvetica Neue', Arial, 'Noto Sans', sans-serif, 'Apple Color Emoji', 'Segoe UI Emoji', 'Segoe UI Symbol', 'Noto Color Emoji'; font-size: 1rem;\">204551166<\/span><br>Register court: <span style=\"font-family: -apple-system, BlinkMacSystemFont, 'Segoe UI', Roboto, 'Helvetica Neue', Arial, 'Noto Sans', sans-serif, 'Apple Color Emoji', 'Segoe UI Emoji', 'Segoe UI Symbol', 'Noto Color Emoji'; font-size: 1rem;\">D\u00fcsseldorf<\/span><br>Register number: <span style=\"font-family: -apple-system, BlinkMacSystemFont, 'Segoe UI', Roboto, 'Helvetica Neue', Arial, 'Noto Sans', sans-serif, 'Apple Color Emoji', 'Segoe UI Emoji', 'Segoe UI Symbol', 'Noto Color Emoji'; font-size: 1rem;\">HRB D\u00fcsseldorf 38588<\/span><br>Responsible according to \u00a7 55,2 RStV: <span style=\"font-family: -apple-system, BlinkMacSystemFont, 'Segoe UI', Roboto, 'Helvetica Neue', Arial, 'Noto Sans', sans-serif, 'Apple Color Emoji', 'Segoe UI Emoji', 'Segoe UI Symbol', 'Noto Color Emoji'; font-size: 1rem;\">L&amp;L Kommunikationskonzepte GmbH<\/span><\/p><p>Image Credits<br>Portrait photo of Kai-Uwe L\u00f6hde: \u00a9 Olaf Deneberger &amp; Natalie F\u00e4rber, liquid-frankfurt.de<\/p>\t\t\t\t\t\t\t\t<\/div>\n\t\t\t\t\t<\/div>\n\t\t\t\t<\/div>\n\t\t<div class=\"elementor-element elementor-element-03eff35 e-flex e-con-boxed e-con e-parent\" data-id=\"03eff35\" data-element_type=\"container\" data-e-type=\"container\">\n\t\t\t\t\t<div class=\"e-con-inner\">\n\t\t\t\t<div class=\"elementor-element elementor-element-f6a315b elementor-widget elementor-widget-rtm-navmenu\" data-id=\"f6a315b\" data-element_type=\"widget\" data-e-type=\"widget\" data-widget_type=\"rtm-navmenu.default\">\n\t\t\t\t<div class=\"elementor-widget-container\">\n\t\t\t\t\t        <div class=\"rkit-navmenu-container\" data-responsive=\"tablet\">\n            <div class=\"rkit-hamburger rkit-hamburger-tablet\">\n                <a class=\"rkit-btn-hamburger\">\n                    <i aria-hidden=\"true\" class=\"rkit-icon-open rtmicon rtmicon-bars\" id=\"rkit-icon-open258617691\"><\/i>                    <i aria-hidden=\"true\" class=\"rkit-icon-close rtmicon rtmicon-bar-sort-right\" id=\"rkit-icon-close258617691\"><\/i>                <\/a>\n            <\/div>\n            <div class=\"rkit-navmenu rkit-responsive-menu rkit-responsive-tablet  rkit-navmenu-fullwidth\">\n                <ul class=\"rkit-menu-container\">\n                                            <li class=\"rkit-menu-item   \">\n                            <a class=\"rkit-nav-link\" href=\"https:\/\/www.deepwraite.de\/impressum\/\">\n                                Imprint                                                            <\/a>\n                                                    <\/li>\n                                            <li class=\"rkit-menu-item   \">\n                            <a class=\"rkit-nav-link\" href=\"https:\/\/www.deepwraite.de\/cookie-richtlinie-eu\/\">\n                                Cookie Policy (EU)                                                            <\/a>\n                                                    <\/li>\n                                            <li class=\"rkit-menu-item   \">\n                            <a class=\"rkit-nav-link\" href=\"https:\/\/www.deepwraite.de\/privacy-policy\/\">\n                                Privacy Policy                                                            <\/a>\n                                                    <\/li>\n                                    <\/ul>\n            <\/div>\n        <\/div>\n\t\t\t\t<\/div>\n\t\t\t\t<\/div>\n\t\t\t\t\t<\/div>\n\t\t\t\t<\/div>\n\t\t\t\t<\/div>\n\t\t","protected":false},"excerpt":{"rendered":"<p>Legal Notice According to \u00a7 5 TMG Deepwraite is an offering of L&amp;L Kommunikationskonzepte GmbH, Entensteig 6, 14552 Michendorf Email: info(at)deepwraite(dot).de Represented by:Iris L\u00f6hde, Kai L\u00f6hde VAT ID: DE204551166Register court: D\u00fcsseldorfRegister number: HRB D\u00fcsseldorf 38588Responsible according to \u00a7 55,2 RStV: L&amp;L Kommunikationskonzepte GmbH Image CreditsPortrait photo of Kai-Uwe L\u00f6hde: \u00a9 Olaf Deneberger &amp; Natalie F\u00e4rber, [&hellip;]<\/p>\n","protected":false},"author":3,"featured_media":0,"parent":0,"menu_order":0,"comment_status":"closed","ping_status":"closed","template":"","meta":{"footnotes":""},"class_list":["post-913","page","type-page","status-publish","hentry"],"_links":{"self":[{"href":"https:\/\/www.deepwraite.de\/en\/wp-json\/wp\/v2\/pages\/913","targetHints":{"allow":["GET"]}}],"collection":[{"href":"https:\/\/www.deepwraite.de\/en\/wp-json\/wp\/v2\/pages"}],"about":[{"href":"https:\/\/www.deepwraite.de\/en\/wp-json\/wp\/v2\/types\/page"}],"author":[{"embeddable":true,"href":"https:\/\/www.deepwraite.de\/en\/wp-json\/wp\/v2\/users\/3"}],"replies":[{"embeddable":true,"href":"https:\/\/www.deepwraite.de\/en\/wp-json\/wp\/v2\/comments?post=913"}],"version-history":[{"count":8,"href":"https:\/\/www.deepwraite.de\/en\/wp-json\/wp\/v2\/pages\/913\/revisions"}],"predecessor-version":[{"id":1804,"href":"https:\/\/www.deepwraite.de\/en\/wp-json\/wp\/v2\/pages\/913\/revisions\/1804"}],"wp:attachment":[{"href":"https:\/\/www.deepwraite.de\/en\/wp-json\/wp\/v2\/media?parent=913"}],"curies":[{"name":"wp","href":"https:\/\/api.w.org\/{rel}","templated":true}]}}